{"id":2,"date":"2009-12-17T21:43:43","date_gmt":"2009-12-18T00:43:43","guid":{"rendered":"http:\/\/ryan.com.br\/blogs\/seven\/?page_id=2"},"modified":"2010-01-03T07:59:58","modified_gmt":"2010-01-03T10:59:58","slug":"sobre","status":"publish","type":"page","link":"http:\/\/ryan.com.br\/blogs\/seven\/sobre\/","title":{"rendered":"Sobre este Blog"},"content":{"rendered":"<p>O objetivo deste blog \u00e9 <strong>comentar<\/strong> minhas experi\u00eancias (no in\u00edcio, principalmente trope\u00e7os) com o Windows 7 sem poluir <a href=\"http:\/\/jefferson-ryan.blogspot.com\/\">meu blog principal<\/a>. Neste blog eu vou quebrar a minha regra de falar apenas sobre problemas para os quais eu tenho as respectivas solu\u00e7\u00f5es e falarei tamb\u00e9m sobre:<\/p>\n<ul>\n<li>Problemas sem solu\u00e7\u00e3o conhecida por mim, \u00e0s vezes descritos de forma sucinta e outras vezes com um passo a passo de tudo o que eu tentei mas n\u00e3o funcionou;<\/li>\n<li>Detalhes do SO que achei interessantes ou irritantes;<\/li>\n<li>Etc, etc, etc;<\/li>\n<\/ul>\n<p>Isso foi mais ou menos o que eu fiz <a href=\"http:\/\/jeff-linux.blogspot.com\/\">no meu blog Linux<\/a>, com a diferen\u00e7a que eu sei que aqui posso <strong>falar mal \u00e0 vontade<\/strong> (nem sequer preciso escolher palavras) sem ter que aturar gente reagindo como se fosse sacril\u00e9gio.<\/p>\n<p>Certamente eu vou dizer <strong>muita bobagem.<\/strong> Provavelmente este ser\u00e1 o mais interativo dos meus blogs, com as observa\u00e7\u00f5es e corre\u00e7\u00f5es feitas pelos leitores. Voc\u00ea pode me corrigir \u00e0 vontade, mas <strong>seja cort\u00eas<\/strong> e certifique-se de que sabe do que est\u00e1 (e do que eu estou) falando antes \ud83d\ude42<\/p>\n<p>\u00c9 bom ter em mente que nunca cheguei a usar o Windows Vista no dia a dia, por isso todas as minhas compara\u00e7\u00f5es ser\u00e3o feitas com o Windows XP. Quando eu disser que tal coisa \u00e9 igual ou n\u00e3o no Vista \u00e9 porque entrei em um computador ou rodei uma m\u00e1quina virtual com o Vista s\u00f3 para testar isso.<\/p>\n<p>Este blog j\u00e1 foi publicado com 54 posts, mas est\u00e1 configurado para exibir apenas 30 por p\u00e1gina, por isso se n\u00e3o quiser perder nada procure pelo link &#8220;posts mais antigos&#8221; no fundo da p\u00e1gina.<\/p>\n<p>Agrade\u00e7o ao Saulo Benigno por toda a ajuda. Os detalhes de sua participa\u00e7\u00e3o <a href=\"http:\/\/jefferson-ryan.blogspot.com\/2010\/01\/criei-um-novo-blog-exclusivamente-para.html\" target=\"_blank\">est\u00e3o aqui<\/a>.<\/p>\n","protected":false},"excerpt":{"rendered":"<p>O objetivo deste blog \u00e9 comentar minhas experi\u00eancias (no in\u00edcio, principalmente trope\u00e7os) com o Windows 7 sem poluir meu blog principal. Neste blog eu vou quebrar a minha regra de falar apenas sobre problemas para os quais eu tenho as respectivas solu\u00e7\u00f5es e falarei tamb\u00e9m sobre: Problemas sem solu\u00e7\u00e3o conhecida por mim, \u00e0s vezes descritos [&hellip;]<\/p>\n","protected":false},"author":3,"featured_media":0,"parent":0,"menu_order":0,"comment_status":"open","ping_status":"open","template":"","meta":[],"_links":{"self":[{"href":"http:\/\/ryan.com.br\/blogs\/seven\/wp-json\/wp\/v2\/pages\/2"}],"collection":[{"href":"http:\/\/ryan.com.br\/blogs\/seven\/wp-json\/wp\/v2\/pages"}],"about":[{"href":"http:\/\/ryan.com.br\/blogs\/seven\/wp-json\/wp\/v2\/types\/page"}],"author":[{"embeddable":true,"href":"http:\/\/ryan.com.br\/blogs\/seven\/wp-json\/wp\/v2\/users\/3"}],"replies":[{"embeddable":true,"href":"http:\/\/ryan.com.br\/blogs\/seven\/wp-json\/wp\/v2\/comments?post=2"}],"version-history":[{"count":13,"href":"http:\/\/ryan.com.br\/blogs\/seven\/wp-json\/wp\/v2\/pages\/2\/revisions"}],"predecessor-version":[{"id":273,"href":"http:\/\/ryan.com.br\/blogs\/seven\/wp-json\/wp\/v2\/pages\/2\/revisions\/273"}],"wp:attachment":[{"href":"http:\/\/ryan.com.br\/blogs\/seven\/wp-json\/wp\/v2\/media?parent=2"}],"curies":[{"name":"wp","href":"https:\/\/api.w.org\/{rel}","templated":true}]}}