{"id":244,"date":"2009-12-19T22:38:59","date_gmt":"2009-12-20T01:38:59","guid":{"rendered":"http:\/\/ryan.com.br\/blogs\/seven\/?page_id=244"},"modified":"2010-01-06T19:52:04","modified_gmt":"2010-01-06T22:52:04","slug":"regras-blog","status":"publish","type":"page","link":"http:\/\/ryan.com.br\/blogs\/seven\/regras-blog\/","title":{"rendered":"Regras de Participa\u00e7\u00e3o"},"content":{"rendered":"<p>No momento eu vou manter a lista curta, at\u00e9 porque este n\u00e3o \u00e9 meu blog principal. S\u00f3 preste aten\u00e7\u00e3o ao seguinte:<\/p>\n<ul>\n<li>O blog est\u00e1 configurado para aceitar coment\u00e1rios completamente an\u00f4nimos, mas procure usar isso com sabedoria. Tendo em mente <a href=\"http:\/\/jefferson-ryan.blogspot.com\/2007\/09\/sobre-anonimato.html\" target=\"_blank\">o que penso sobre anonimato<\/a> fique ciente de de que eu o levarei a s\u00e9rio de forma inversamente proporcional ao seu anonimato e diretamente proporcional \u00e0 utilidade do seu coment\u00e1rio. Ent\u00e3o dose bem os dois;<\/li>\n<li>Este n\u00e3o \u00e9 o lugar para se tirar suas d\u00favidas sobre o Seven. Se sua d\u00favida for diretamente relacionada com o post, fique \u00e0 vontade para perguntar. Se n\u00e3o for, ser\u00e1 vetada. Primeiro, porque nem eu sei bem ainda como essa jaca funciona. E segundo porque o lugar para isso \u00e9 em f\u00f3runs, onde diversas outras pessoas podem dar sua opini\u00e3o mais facilmente;<\/li>\n<li>Evite o pavoroso linguajar do SMS. Se seu coment\u00e1rio abusar do &#8220;vc&#8221;, pq&#8221;, &#8220;mto&#8221;, &#8220;vlw&#8221; e n\u00e3o acrescentar nada de \u00fatil, ser\u00e1 vetado;<\/li>\n<li>Ao contr\u00e1rio do que acontece no blogspot, aqui eu tenho o poder de editar coment\u00e1rios. Eu prefiro n\u00e3o fazer isso, mas farei quando achar necess\u00e1rio;<\/li>\n<li>Eu me reservo o direito de editar ou vetar coment\u00e1rios sempre que achar apropriado, sempre visando o conte\u00fado e a sanidade do blog (e dos outros leitores). Se voc\u00ea genuinamente quiser saber por que\u00a0 um coment\u00e1rio seu foi vetado (espere pelo menos 24H), deixe um <strong>outro<\/strong> coment\u00e1rio no mesmo post com e-mail para resposta (n\u00e3o ser\u00e1 publicado) e eu responderei com o motivo.<\/li>\n<\/ul>\n","protected":false},"excerpt":{"rendered":"<p>No momento eu vou manter a lista curta, at\u00e9 porque este n\u00e3o \u00e9 meu blog principal. S\u00f3 preste aten\u00e7\u00e3o ao seguinte: O blog est\u00e1 configurado para aceitar coment\u00e1rios completamente an\u00f4nimos, mas procure usar isso com sabedoria. Tendo em mente o que penso sobre anonimato fique ciente de de que eu o levarei a s\u00e9rio de [&hellip;]<\/p>\n","protected":false},"author":3,"featured_media":0,"parent":0,"menu_order":1,"comment_status":"open","ping_status":"open","template":"","meta":[],"_links":{"self":[{"href":"http:\/\/ryan.com.br\/blogs\/seven\/wp-json\/wp\/v2\/pages\/244"}],"collection":[{"href":"http:\/\/ryan.com.br\/blogs\/seven\/wp-json\/wp\/v2\/pages"}],"about":[{"href":"http:\/\/ryan.com.br\/blogs\/seven\/wp-json\/wp\/v2\/types\/page"}],"author":[{"embeddable":true,"href":"http:\/\/ryan.com.br\/blogs\/seven\/wp-json\/wp\/v2\/users\/3"}],"replies":[{"embeddable":true,"href":"http:\/\/ryan.com.br\/blogs\/seven\/wp-json\/wp\/v2\/comments?post=244"}],"version-history":[{"count":12,"href":"http:\/\/ryan.com.br\/blogs\/seven\/wp-json\/wp\/v2\/pages\/244\/revisions"}],"predecessor-version":[{"id":275,"href":"http:\/\/ryan.com.br\/blogs\/seven\/wp-json\/wp\/v2\/pages\/244\/revisions\/275"}],"wp:attachment":[{"href":"http:\/\/ryan.com.br\/blogs\/seven\/wp-json\/wp\/v2\/media?parent=244"}],"curies":[{"name":"wp","href":"https:\/\/api.w.org\/{rel}","templated":true}]}}