{"id":387,"date":"2010-01-03T07:21:20","date_gmt":"2010-01-03T10:21:20","guid":{"rendered":"http:\/\/ryan.com.br\/blogs\/seven\/?page_id=387"},"modified":"2010-01-03T14:03:35","modified_gmt":"2010-01-03T17:03:35","slug":"problemas-ou-sugestoes","status":"publish","type":"page","link":"http:\/\/ryan.com.br\/blogs\/seven\/problemas-ou-sugestoes\/","title":{"rendered":"Problemas ou sugest\u00f5es?"},"content":{"rendered":"<p>Se voc\u00ea tiver algum problema com posts espec\u00edficos (links quebrados, imagens que n\u00e3o aparecem, etc.) comente isso no pr\u00f3prio post. Para os outros casos, deixe um coment\u00e1rio aqui.<\/p>\n","protected":false},"excerpt":{"rendered":"<p>Se voc\u00ea tiver algum problema com posts espec\u00edficos (links quebrados, imagens que n\u00e3o aparecem, etc.) comente isso no pr\u00f3prio post. Para os outros casos, deixe um coment\u00e1rio aqui.<\/p>\n","protected":false},"author":3,"featured_media":0,"parent":0,"menu_order":0,"comment_status":"open","ping_status":"open","template":"","meta":[],"_links":{"self":[{"href":"http:\/\/ryan.com.br\/blogs\/seven\/wp-json\/wp\/v2\/pages\/387"}],"collection":[{"href":"http:\/\/ryan.com.br\/blogs\/seven\/wp-json\/wp\/v2\/pages"}],"about":[{"href":"http:\/\/ryan.com.br\/blogs\/seven\/wp-json\/wp\/v2\/types\/page"}],"author":[{"embeddable":true,"href":"http:\/\/ryan.com.br\/blogs\/seven\/wp-json\/wp\/v2\/users\/3"}],"replies":[{"embeddable":true,"href":"http:\/\/ryan.com.br\/blogs\/seven\/wp-json\/wp\/v2\/comments?post=387"}],"version-history":[{"count":3,"href":"http:\/\/ryan.com.br\/blogs\/seven\/wp-json\/wp\/v2\/pages\/387\/revisions"}],"predecessor-version":[{"id":408,"href":"http:\/\/ryan.com.br\/blogs\/seven\/wp-json\/wp\/v2\/pages\/387\/revisions\/408"}],"wp:attachment":[{"href":"http:\/\/ryan.com.br\/blogs\/seven\/wp-json\/wp\/v2\/media?parent=387"}],"curies":[{"name":"wp","href":"https:\/\/api.w.org\/{rel}","templated":true}]}}