{"id":562,"date":"2010-02-10T18:55:46","date_gmt":"2010-02-10T21:55:46","guid":{"rendered":"http:\/\/ryan.com.br\/blogs\/seven\/voc-pode-usar-um-gravatar-neste-blog\/"},"modified":"2010-02-10T18:55:46","modified_gmt":"2010-02-10T21:55:46","slug":"voc-pode-usar-um-gravatar-neste-blog","status":"publish","type":"page","link":"http:\/\/ryan.com.br\/blogs\/seven\/voc-pode-usar-um-gravatar-neste-blog\/","title":{"rendered":"Voc\u00ea pode usar um Gravatar neste blog."},"content":{"rendered":"<p>Eu sei que o nome soa esquisito para quem fala Portugu\u00eas, mas n\u00e3o tem nada a ver com &#8220;gravata&#8221;.<\/p>\n<p>Um &#8220;<a href=\"http:\/\/en.gravatar.com\/\" target=\"_blank\">Gravatar<\/a>&#8221; \u00e9 um avatar global. Se voc\u00ea estiver cadastrado no servi\u00e7o, toda vez que voc\u00ea se identificar com seu e-mail ao comentar, o blog ir\u00e1 usar no coment\u00e1rio o avatar associado ao seu e-mail no servi\u00e7o Gravatar.<\/p>\n<p>Inicialmente eu fiquei bastante desconfiado com o servi\u00e7o. Afinal, \u00e9 mais um que quer saber seu e-mail. Mas depois eu descobri que Gravatar.com pertence \u00e0 mesma empresa por tr\u00e1s do WordPress e fiquei mais tranquilo. A empresa \u00e9 conhecida e respeitada o suficiente para n\u00e3o fazer bobagens com nosso endere\u00e7o de e-mail.<\/p>\n","protected":false},"excerpt":{"rendered":"<p>Eu sei que o nome soa esquisito para quem fala Portugu\u00eas, mas n\u00e3o tem nada a ver com &#8220;gravata&#8221;. Um &#8220;Gravatar&#8221; \u00e9 um avatar global. Se voc\u00ea estiver cadastrado no servi\u00e7o, toda vez que voc\u00ea se identificar com seu e-mail ao comentar, o blog ir\u00e1 usar no coment\u00e1rio o avatar associado ao seu e-mail no [&hellip;]<\/p>\n","protected":false},"author":3,"featured_media":0,"parent":0,"menu_order":0,"comment_status":"open","ping_status":"open","template":"","meta":[],"_links":{"self":[{"href":"http:\/\/ryan.com.br\/blogs\/seven\/wp-json\/wp\/v2\/pages\/562"}],"collection":[{"href":"http:\/\/ryan.com.br\/blogs\/seven\/wp-json\/wp\/v2\/pages"}],"about":[{"href":"http:\/\/ryan.com.br\/blogs\/seven\/wp-json\/wp\/v2\/types\/page"}],"author":[{"embeddable":true,"href":"http:\/\/ryan.com.br\/blogs\/seven\/wp-json\/wp\/v2\/users\/3"}],"replies":[{"embeddable":true,"href":"http:\/\/ryan.com.br\/blogs\/seven\/wp-json\/wp\/v2\/comments?post=562"}],"version-history":[{"count":1,"href":"http:\/\/ryan.com.br\/blogs\/seven\/wp-json\/wp\/v2\/pages\/562\/revisions"}],"predecessor-version":[{"id":563,"href":"http:\/\/ryan.com.br\/blogs\/seven\/wp-json\/wp\/v2\/pages\/562\/revisions\/563"}],"wp:attachment":[{"href":"http:\/\/ryan.com.br\/blogs\/seven\/wp-json\/wp\/v2\/media?parent=562"}],"curies":[{"name":"wp","href":"https:\/\/api.w.org\/{rel}","templated":true}]}}